{"id":159,"date":"2025-10-02T20:11:07","date_gmt":"2025-10-02T18:11:07","guid":{"rendered":"https:\/\/hotel-heiligenblut.at\/wandern\/"},"modified":"2025-11-10T13:03:51","modified_gmt":"2025-11-10T12:03:51","slug":"kirandulasok-es-turak-telen-nyaron","status":"publish","type":"page","link":"https:\/\/hotel-heiligenblut.at\/hu\/heiligenblut-es-kornyeke\/kirandulasok-es-turak-telen-nyaron\/","title":{"rendered":"Kir\u00e1ndul\u00e1sok \u00e9s t\u00far\u00e1k t\u00e9len-ny\u00e1ron"},"content":{"rendered":"","protected":false},"excerpt":{"rendered":"","protected":false},"author":1,"featured_media":0,"parent":183,"menu_order":0,"comment_status":"closed","ping_status":"closed","template":"","meta":{"footnotes":""},"class_list":["post-159","page","type-page","status-publish","hentry"],"yoast_head":"<!-- This site is optimized with the Yoast SEO plugin v27.5 - https:\/\/yoast.com\/product\/yoast-seo-wordpress\/ -->\n<title>Kir\u00e1ndul\u00e1sok \u00e9s t\u00far\u00e1k t\u00e9len-ny\u00e1ron - Sporthotel Heiligenblut<\/title>\n<meta name=\"robots\" content=\"index, follow, max-snippet:-1, max-image-preview:large, max-video-preview:-1\" \/>\n<link rel=\"canonical\" href=\"https:\/\/hotel-heiligenblut.at\/hu\/heiligenblut-es-kornyeke\/kirandulasok-es-turak-telen-nyaron\/\" \/>\n<meta property=\"og:locale\" content=\"hu_HU\" \/>\n<meta property=\"og:type\" content=\"article\" \/>\n<meta property=\"og:title\" content=\"Kir\u00e1ndul\u00e1sok \u00e9s t\u00far\u00e1k t\u00e9len-ny\u00e1ron - Sporthotel Heiligenblut\" \/>\n<meta property=\"og:url\" content=\"https:\/\/hotel-heiligenblut.at\/hu\/heiligenblut-es-kornyeke\/kirandulasok-es-turak-telen-nyaron\/\" \/>\n<meta property=\"og:site_name\" content=\"Sporthotel Heiligenblut\" \/>\n<meta property=\"article:modified_time\" content=\"2025-11-10T12:03:51+00:00\" \/>\n<meta name=\"twitter:card\" content=\"summary_large_image\" \/>\n<script type=\"application\/ld+json\" class=\"yoast-schema-graph\">{\"@context\":\"https:\\\/\\\/schema.org\",\"@graph\":[{\"@type\":\"WebPage\",\"@id\":\"https:\\\/\\\/hotel-heiligenblut.at\\\/hu\\\/heiligenblut-es-kornyeke\\\/kirandulasok-es-turak-telen-nyaron\\\/\",\"url\":\"https:\\\/\\\/hotel-heiligenblut.at\\\/hu\\\/heiligenblut-es-kornyeke\\\/kirandulasok-es-turak-telen-nyaron\\\/\",\"name\":\"Kir\u00e1ndul\u00e1sok \u00e9s t\u00far\u00e1k t\u00e9len-ny\u00e1ron - Sporthotel Heiligenblut\",\"isPartOf\":{\"@id\":\"https:\\\/\\\/hotel-heiligenblut.at\\\/#website\"},\"datePublished\":\"2025-10-02T18:11:07+00:00\",\"dateModified\":\"2025-11-10T12:03:51+00:00\",\"breadcrumb\":{\"@id\":\"https:\\\/\\\/hotel-heiligenblut.at\\\/hu\\\/heiligenblut-es-kornyeke\\\/kirandulasok-es-turak-telen-nyaron\\\/#breadcrumb\"},\"inLanguage\":\"hu\",\"potentialAction\":[{\"@type\":\"ReadAction\",\"target\":[\"https:\\\/\\\/hotel-heiligenblut.at\\\/hu\\\/heiligenblut-es-kornyeke\\\/kirandulasok-es-turak-telen-nyaron\\\/\"]}]},{\"@type\":\"BreadcrumbList\",\"@id\":\"https:\\\/\\\/hotel-heiligenblut.at\\\/hu\\\/heiligenblut-es-kornyeke\\\/kirandulasok-es-turak-telen-nyaron\\\/#breadcrumb\",\"itemListElement\":[{\"@type\":\"ListItem\",\"position\":1,\"name\":\"Start\",\"item\":\"https:\\\/\\\/hotel-heiligenblut.at\\\/\"},{\"@type\":\"ListItem\",\"position\":2,\"name\":\"Heiligenblut \u00e9s k\u00f6rny\u00e9ke\",\"item\":\"https:\\\/\\\/hotel-heiligenblut.at\\\/hu\\\/heiligenblut-es-kornyeke\\\/\"},{\"@type\":\"ListItem\",\"position\":3,\"name\":\"Kir\u00e1ndul\u00e1sok \u00e9s t\u00far\u00e1k t\u00e9len-ny\u00e1ron\"}]},{\"@type\":\"WebSite\",\"@id\":\"https:\\\/\\\/hotel-heiligenblut.at\\\/#website\",\"url\":\"https:\\\/\\\/hotel-heiligenblut.at\\\/\",\"name\":\"Sporthotel Heiligenblut\",\"description\":\"\",\"publisher\":{\"@id\":\"https:\\\/\\\/hotel-heiligenblut.at\\\/#organization\"},\"potentialAction\":[{\"@type\":\"SearchAction\",\"target\":{\"@type\":\"EntryPoint\",\"urlTemplate\":\"https:\\\/\\\/hotel-heiligenblut.at\\\/?s={search_term_string}\"},\"query-input\":{\"@type\":\"PropertyValueSpecification\",\"valueRequired\":true,\"valueName\":\"search_term_string\"}}],\"inLanguage\":\"hu\"},{\"@type\":\"Organization\",\"@id\":\"https:\\\/\\\/hotel-heiligenblut.at\\\/#organization\",\"name\":\"Sporthotel Heiligenblut\",\"url\":\"https:\\\/\\\/hotel-heiligenblut.at\\\/\",\"logo\":{\"@type\":\"ImageObject\",\"inLanguage\":\"hu\",\"@id\":\"https:\\\/\\\/hotel-heiligenblut.at\\\/#\\\/schema\\\/logo\\\/image\\\/\",\"url\":\"https:\\\/\\\/hotel-heiligenblut.at\\\/wp-content\\\/uploads\\\/2026\\\/04\\\/234596573_padded_logo.png\",\"contentUrl\":\"https:\\\/\\\/hotel-heiligenblut.at\\\/wp-content\\\/uploads\\\/2026\\\/04\\\/234596573_padded_logo.png\",\"width\":1000,\"height\":1000,\"caption\":\"Sporthotel Heiligenblut\"},\"image\":{\"@id\":\"https:\\\/\\\/hotel-heiligenblut.at\\\/#\\\/schema\\\/logo\\\/image\\\/\"}}]}<\/script>\n<!-- \/ Yoast SEO plugin. -->","yoast_head_json":{"title":"Kir\u00e1ndul\u00e1sok \u00e9s t\u00far\u00e1k t\u00e9len-ny\u00e1ron - Sporthotel Heiligenblut","robots":{"index":"index","follow":"follow","max-snippet":"max-snippet:-1","max-image-preview":"max-image-preview:large","max-video-preview":"max-video-preview:-1"},"canonical":"https:\/\/hotel-heiligenblut.at\/hu\/heiligenblut-es-kornyeke\/kirandulasok-es-turak-telen-nyaron\/","og_locale":"hu_HU","og_type":"article","og_title":"Kir\u00e1ndul\u00e1sok \u00e9s t\u00far\u00e1k t\u00e9len-ny\u00e1ron - Sporthotel Heiligenblut","og_url":"https:\/\/hotel-heiligenblut.at\/hu\/heiligenblut-es-kornyeke\/kirandulasok-es-turak-telen-nyaron\/","og_site_name":"Sporthotel Heiligenblut","article_modified_time":"2025-11-10T12:03:51+00:00","twitter_card":"summary_large_image","schema":{"@context":"https:\/\/schema.org","@graph":[{"@type":"WebPage","@id":"https:\/\/hotel-heiligenblut.at\/hu\/heiligenblut-es-kornyeke\/kirandulasok-es-turak-telen-nyaron\/","url":"https:\/\/hotel-heiligenblut.at\/hu\/heiligenblut-es-kornyeke\/kirandulasok-es-turak-telen-nyaron\/","name":"Kir\u00e1ndul\u00e1sok \u00e9s t\u00far\u00e1k t\u00e9len-ny\u00e1ron - Sporthotel Heiligenblut","isPartOf":{"@id":"https:\/\/hotel-heiligenblut.at\/#website"},"datePublished":"2025-10-02T18:11:07+00:00","dateModified":"2025-11-10T12:03:51+00:00","breadcrumb":{"@id":"https:\/\/hotel-heiligenblut.at\/hu\/heiligenblut-es-kornyeke\/kirandulasok-es-turak-telen-nyaron\/#breadcrumb"},"inLanguage":"hu","potentialAction":[{"@type":"ReadAction","target":["https:\/\/hotel-heiligenblut.at\/hu\/heiligenblut-es-kornyeke\/kirandulasok-es-turak-telen-nyaron\/"]}]},{"@type":"BreadcrumbList","@id":"https:\/\/hotel-heiligenblut.at\/hu\/heiligenblut-es-kornyeke\/kirandulasok-es-turak-telen-nyaron\/#breadcrumb","itemListElement":[{"@type":"ListItem","position":1,"name":"Start","item":"https:\/\/hotel-heiligenblut.at\/"},{"@type":"ListItem","position":2,"name":"Heiligenblut \u00e9s k\u00f6rny\u00e9ke","item":"https:\/\/hotel-heiligenblut.at\/hu\/heiligenblut-es-kornyeke\/"},{"@type":"ListItem","position":3,"name":"Kir\u00e1ndul\u00e1sok \u00e9s t\u00far\u00e1k t\u00e9len-ny\u00e1ron"}]},{"@type":"WebSite","@id":"https:\/\/hotel-heiligenblut.at\/#website","url":"https:\/\/hotel-heiligenblut.at\/","name":"Sporthotel Heiligenblut","description":"","publisher":{"@id":"https:\/\/hotel-heiligenblut.at\/#organization"},"potentialAction":[{"@type":"SearchAction","target":{"@type":"EntryPoint","urlTemplate":"https:\/\/hotel-heiligenblut.at\/?s={search_term_string}"},"query-input":{"@type":"PropertyValueSpecification","valueRequired":true,"valueName":"search_term_string"}}],"inLanguage":"hu"},{"@type":"Organization","@id":"https:\/\/hotel-heiligenblut.at\/#organization","name":"Sporthotel Heiligenblut","url":"https:\/\/hotel-heiligenblut.at\/","logo":{"@type":"ImageObject","inLanguage":"hu","@id":"https:\/\/hotel-heiligenblut.at\/#\/schema\/logo\/image\/","url":"https:\/\/hotel-heiligenblut.at\/wp-content\/uploads\/2026\/04\/234596573_padded_logo.png","contentUrl":"https:\/\/hotel-heiligenblut.at\/wp-content\/uploads\/2026\/04\/234596573_padded_logo.png","width":1000,"height":1000,"caption":"Sporthotel Heiligenblut"},"image":{"@id":"https:\/\/hotel-heiligenblut.at\/#\/schema\/logo\/image\/"}}]}},"_links":{"self":[{"href":"https:\/\/hotel-heiligenblut.at\/hu\/wp-json\/wp\/v2\/pages\/159","targetHints":{"allow":["GET"]}}],"collection":[{"href":"https:\/\/hotel-heiligenblut.at\/hu\/wp-json\/wp\/v2\/pages"}],"about":[{"href":"https:\/\/hotel-heiligenblut.at\/hu\/wp-json\/wp\/v2\/types\/page"}],"author":[{"embeddable":true,"href":"https:\/\/hotel-heiligenblut.at\/hu\/wp-json\/wp\/v2\/users\/1"}],"replies":[{"embeddable":true,"href":"https:\/\/hotel-heiligenblut.at\/hu\/wp-json\/wp\/v2\/comments?post=159"}],"version-history":[{"count":2,"href":"https:\/\/hotel-heiligenblut.at\/hu\/wp-json\/wp\/v2\/pages\/159\/revisions"}],"predecessor-version":[{"id":163,"href":"https:\/\/hotel-heiligenblut.at\/hu\/wp-json\/wp\/v2\/pages\/159\/revisions\/163"}],"up":[{"embeddable":true,"href":"https:\/\/hotel-heiligenblut.at\/hu\/wp-json\/wp\/v2\/pages\/183"}],"wp:attachment":[{"href":"https:\/\/hotel-heiligenblut.at\/hu\/wp-json\/wp\/v2\/media?parent=159"}],"curies":[{"name":"wp","href":"https:\/\/api.w.org\/{rel}","templated":true}]}}